{"id":280110,"date":"2016-11-15T12:33:51","date_gmt":"2016-11-15T20:33:51","guid":{"rendered":"http:\/\/coffeemountaininn.com\/?page_id=280110"},"modified":"2020-12-06T12:22:45","modified_gmt":"2020-12-06T20:22:45","slug":"desayuno","status":"publish","type":"page","link":"https:\/\/coffeemountaininn.com\/es\/our-rooms\/desayuno\/","title":{"rendered":"Desayuno"},"content":{"rendered":"<div class=\"wpb-content-wrapper\"><p>[vc_row][vc_column][rev_slider_vc alias=\u00bbeat\u00bb][\/vc_column][\/vc_row][vc_row][vc_column width=\u00bb1\/2&#8243;][vc_column_text]<\/p>\n<h2>Buenas Dias!<\/h2>\n<p>Bienvenido a nuestra manera de empezar el d\u00eda en Coffee Mountain Inn: el desayuno servido en la terraza privada de su habitaci\u00f3n.<\/p>\n<p>Enfocamos en usar productos campesinos del area. Para nosotros, esto significa ingredientes frescos, preparada sencillamente, y servidos con una vista espectacular. Tenemos un menu de la casa\u00a0 variado y pequeno. Por lo general, tenemos cuatro opciones: dos selecciones que celebran los ingredientes tradicionales del campo, una opcion dulce y una opci\u00f3n ligera y saludable.<\/p>\n<p>Los hu\u00e9spedes seleccionan del menu la noche anterior y, por la ma\u00f1ana, se despierta con una canasta de desayuno en el balc\u00f3n. Para aquellos con requisitos diet\u00e9ticos espec\u00edficos, podemos mezclar y combinar\u00a0 para encontrar algo que funcione para usted, pero tenga en mente que no tenemos un restaurante.<\/p>\n<p>\u00a1Consulte el menu reciente para tener una idea del tipo de desayuno que puede esperar!<\/p>\n<p>El horario de comidas es de 7:30 am a 10 am.[\/vc_column_text][\/vc_column][vc_column width=\u00bb1\/2&#8243;][vc_single_image image=\u00bb132314&#8243; img_size=\u00bblarge\u00bb][vc_single_image image=\u00bb280114&#8243; img_size=\u00bbmedium\u00bb alignment=\u00bbcenter\u00bb onclick=\u00bbimg_link_large\u00bb title=\u00bbMenu de Desayuno (ejemplo)\u00bb][\/vc_column][\/vc_row]<\/p>\n<\/div>","protected":false},"excerpt":{"rendered":"<p>[vc_row][vc_column][rev_slider_vc alias=\u00bbeat\u00bb][\/vc_column][\/vc_row][vc_row][vc_column width=\u00bb1\/2&#8243;][vc_column_text] Buenas Dias! Bienvenido a nuestra manera de empezar el d\u00eda en Coffee Mountain Inn: el desayuno servido en la terraza privada de su<span class=\"excerpt-hellip\"> [\u2026]<\/span><\/p>\n","protected":false},"author":33,"featured_media":0,"parent":1530,"menu_order":0,"comment_status":"closed","ping_status":"closed","template":"","meta":{"footnotes":""},"class_list":["post-280110","page","type-page","status-publish","hentry"],"_links":{"self":[{"href":"https:\/\/coffeemountaininn.com\/es\/wp-json\/wp\/v2\/pages\/280110","targetHints":{"allow":["GET"]}}],"collection":[{"href":"https:\/\/coffeemountaininn.com\/es\/wp-json\/wp\/v2\/pages"}],"about":[{"href":"https:\/\/coffeemountaininn.com\/es\/wp-json\/wp\/v2\/types\/page"}],"author":[{"embeddable":true,"href":"https:\/\/coffeemountaininn.com\/es\/wp-json\/wp\/v2\/users\/33"}],"replies":[{"embeddable":true,"href":"https:\/\/coffeemountaininn.com\/es\/wp-json\/wp\/v2\/comments?post=280110"}],"version-history":[{"count":4,"href":"https:\/\/coffeemountaininn.com\/es\/wp-json\/wp\/v2\/pages\/280110\/revisions"}],"predecessor-version":[{"id":280116,"href":"https:\/\/coffeemountaininn.com\/es\/wp-json\/wp\/v2\/pages\/280110\/revisions\/280116"}],"up":[{"embeddable":true,"href":"https:\/\/coffeemountaininn.com\/es\/wp-json\/wp\/v2\/pages\/1530"}],"wp:attachment":[{"href":"https:\/\/coffeemountaininn.com\/es\/wp-json\/wp\/v2\/media?parent=280110"}],"curies":[{"name":"wp","href":"https:\/\/api.w.org\/{rel}","templated":true}]}}