{"id":2308,"date":"2012-04-21T01:56:03","date_gmt":"2014-10-22T20:26:03","guid":{"rendered":"http:\/\/coffeemountaininn.com\/?page_id=2308"},"modified":"2019-07-31T16:09:39","modified_gmt":"2019-07-31T23:09:39","slug":"terminos-y-condiciones","status":"publish","type":"page","link":"https:\/\/coffeemountaininn.com\/es\/terminos-y-condiciones\/","title":{"rendered":"Terminos y Condiciones"},"content":{"rendered":"<div class=\"wpb-content-wrapper\"><p>[vc_row][vc_column][rev_slider_vc alias=\u00bbes_about\u00bb][\/vc_column][\/vc_row][vc_row][vc_column][vc_column_text]<\/p>\n<h2>Reservaciones, Pagos y Cancelaciones<\/h2>\n<p>Un deposito no reembolsable, igual al precio del primer noche sera cobrado a su tarjeta de credito dentro de 48 horas de la reserva, al menos que se arregla pago directamente con nosotros.<\/p>\n<p>Su tarjeta de cr\u00e9dito ser\u00e1 cargada en 48 horas despu\u00e9s de realizar reservaciones. Si no se acepta la tarjeta de cr\u00e9dito (n\u00famero no v\u00e1lido \/ fondos insuficientes), se cancelar\u00e1 la reserva. Haremos lo posible para ponerse en contacto con usted antes de la cancelaci\u00f3n de su reserva. Ud. puede elegir pagar un deposito de 50% a nuestra cuenta bancaria en vez de hacer la reservacion con tarjeta.<\/p>\n<p>Las cancelaciones y los reembolsos se manejan de la siguiente manera si has reservado a trav\u00e9s de este sitio:<\/p>\n<ul>\n<li>Las cancelaciones recibidas por escrito (e-mail, confirmado por nosotros) con 7 d\u00edas de antelaci\u00f3n avanzada &#8211; Ningun otro cargo<\/li>\n<li>Cancelaciones con 48 horas de avanzada:<br \/>\nCobra 50% de su balance que queda<\/li>\n<li>Cancelaciones dentro de las 48 horas de check-in o de no presentarse:<br \/>\nCobra 100% del balance.<\/li>\n<\/ul>\n<p>Lo sentimos, no se dar\u00e1 ning\u00fan cr\u00e9dito o devoluciones de noches reservadas y no utilizadas. Esto incluye el caso de una llegada tarde o de salida temprano o cancelaci\u00f3n debido al mal tiempo, p\u00e9rdida de energ\u00eda, disturbios civiles, o las condiciones del camino. La compra de un seguro de viaje, tales como Travel Guard, puede ser sorprendentemente economico, y ayude a minimizar estos riesgos.<\/p>\n<p>En el caso de que Coffee Mountain Inn tiene que cancelar su reserva para eventos fuera de nuestro control, se le reembolsar\u00e1 los pagos recibidos, y este es el alcance de nuestra responsabilidad. No nos hacemos responsables de ning\u00fan costo o da\u00f1o incidental, incluyendo gastos de viaje, alojamiento alternativo, u otros gastos.<\/p>\n<h2>Fumar<\/h2>\n<p>El hostal, como todos los hoteles en Panam\u00e1 se prohibe fumar. Esta es una pol\u00edtica fuerte para nosotros, como lo son sus consecuencias, y le pedimos su cooperaci\u00f3n para mantener a \u00e9l. Si desea fumar, puede hacerlo al oeste del estacionamiento. Por favor, pregunte en recepci\u00f3n si no est\u00e1 seguro de esta ubicaci\u00f3n. Una cuota de limpieza de $ 200 se cargar\u00e1 a su tarjeta de cr\u00e9dito por la violaci\u00f3n de esta pol\u00edtica. Adem\u00e1s, las reservas para los clientes que fumen en las zonas para no fumadores podr\u00e1n ser canceladas sin reembolso.<\/p>\n<h2>Animales en la habitaci\u00f3n<\/h2>\n<p>No permitimos mascotas. Una cuota no reembolsable de $ 75 de limpieza se cargar\u00e1 a su tarjeta de cr\u00e9dito por traer una mascota, adem\u00e1s de los costos asociados con cualquier da\u00f1o o sustituci\u00f3n que resulta de la visita de su mascota. Las reservas para los hu\u00e9spedes que traigan una mascota sin la aprobaci\u00f3n previa podr\u00e1n ser canceladas sin reembolso.<\/p>\n<p><strong>Otros cargos:<\/strong> Nos reservamos el derecho a cobrar los hu\u00e9spedes para la reparaci\u00f3n o el reemplazo de da\u00f1os o p\u00e9rdida \/ propiedad robada.<\/p>\n<h2>Las personas adicionales en las habitaciones:<\/h2>\n<p>En habitaciones Queen, con una ocupaci\u00f3n m\u00e1xima normal de 2, podemos poner una cama plegable adicional para una tercera persona. Las tarifas para este servicio y el desayuno para la persona adicional se reflejan en las tarifas en la reserva.<br \/>\nEl n\u00famero de personas en su habitaci\u00f3n debe reflejarse en su reservacion y el check-in. Para la seguridad de nuestra familia y nuestros otros hu\u00e9spedes, no permitimos las visitas de personas no registrados en habitaciones privadas.<\/p>\n<p><strong>Responsabilidad<\/strong>: Al reservar una reserva, usted acepta mantener indemne Coffee Mountain Inn, propietarios, personal y otros clientes por cualquier lesi\u00f3n o da\u00f1o &#8211; a las personas o cosas &#8211; que incurra en las instalaciones o como consecuencia de su estancia aqu\u00ed. Resoluci\u00f3n de controversias ser\u00e1 manejado por un arbitraje independiente y sigue las leyes de la Rep\u00fablica de Panam\u00e1.[\/vc_column_text][\/vc_column][\/vc_row]<\/p>\n<\/div>","protected":false},"excerpt":{"rendered":"<p>[vc_row][vc_column][rev_slider_vc alias=\u00bbes_about\u00bb][\/vc_column][\/vc_row][vc_row][vc_column][vc_column_text] Reservaciones, Pagos y Cancelaciones Un deposito no reembolsable, igual al precio del primer noche sera cobrado a su tarjeta de credito dentro de 48<span class=\"excerpt-hellip\"> [\u2026]<\/span><\/p>\n","protected":false},"author":33,"featured_media":0,"parent":0,"menu_order":0,"comment_status":"open","ping_status":"open","template":"","meta":{"footnotes":""},"class_list":["post-2308","page","type-page","status-publish","hentry"],"_links":{"self":[{"href":"https:\/\/coffeemountaininn.com\/es\/wp-json\/wp\/v2\/pages\/2308","targetHints":{"allow":["GET"]}}],"collection":[{"href":"https:\/\/coffeemountaininn.com\/es\/wp-json\/wp\/v2\/pages"}],"about":[{"href":"https:\/\/coffeemountaininn.com\/es\/wp-json\/wp\/v2\/types\/page"}],"author":[{"embeddable":true,"href":"https:\/\/coffeemountaininn.com\/es\/wp-json\/wp\/v2\/users\/33"}],"replies":[{"embeddable":true,"href":"https:\/\/coffeemountaininn.com\/es\/wp-json\/wp\/v2\/comments?post=2308"}],"version-history":[{"count":0,"href":"https:\/\/coffeemountaininn.com\/es\/wp-json\/wp\/v2\/pages\/2308\/revisions"}],"wp:attachment":[{"href":"https:\/\/coffeemountaininn.com\/es\/wp-json\/wp\/v2\/media?parent=2308"}],"curies":[{"name":"wp","href":"https:\/\/api.w.org\/{rel}","templated":true}]}}