{"id":2093,"date":"2013-05-27T20:17:27","date_gmt":"2013-07-07T18:16:07","guid":{"rendered":"http:\/\/coffeemountaininn.com\/?page_id=2093"},"modified":"2019-07-31T16:13:06","modified_gmt":"2019-07-31T23:13:06","slug":"hotel-faq","status":"publish","type":"page","link":"https:\/\/coffeemountaininn.com\/es\/hotel-faq\/","title":{"rendered":"Hotel FAQ"},"content":{"rendered":"<div class=\"wpb-content-wrapper\"><p>[vc_row][vc_column][rev_slider_vc alias=\u00bbes_about\u00bb][\/vc_column][\/vc_row][vc_row][vc_column][vc_column_text]<\/p>\n<h2>Informaci\u00f3n del Hotel<\/h2>\n<p>Somos un peque\u00f1o negocio familiar, con un hermoso paisaje en un pa\u00eds tropical (Panam\u00e1). Hemos encontrado que hay algunos inconvenientes en un lugar peque\u00f1o, y por eso hemos enumerado algunas de las preguntas m\u00e1s frecuentes.<\/p>\n<h2><strong>Recepcion<\/strong><\/h2>\n<p>Las horas de recepcion son desde las 7AM-6PM, la hora de entrada son desde las 3PM-6PM.<\/p>\n<p><strong>Voy a llegar despues de las 6PM.\u00a0 <strong>\u00bf<\/strong>Que debo hacer?<\/strong><\/p>\n<p>Nos avisa y le mandaremos instrucciones.\u00a0 Si no nos contacta, dejaremos instrucciones en el letrero afuera del recepcion.<\/p>\n<h2>Comida<\/h2>\n<p><strong>\u00bfD\u00f3nde puedo comer?<\/strong><br \/>\nHay varios restaurantes en la comunidad (5 minutos caminando desde el hotel), adem\u00e1s hay un supermercado que generalmente tiene un mercado agr\u00edcola al aire libre.<br \/>\nEn la recepcion tenemos informacion sobre las restaurantes y horarios de los mismos. Las horas deben ser consideradas como sugerencias y no como reglas.\u00a0 Si desea llamar con anticipaci\u00f3n para hacer una reservaci\u00f3n o para asegurase de que est\u00e1n abierto, lo podemos hacer para usted sin ning\u00fan problema.<\/p>\n<p><strong>\u00bfCu\u00e1l es la manera m\u00e1s f\u00e1cil de comer?<\/strong><br \/>\nOfrecemos comida con servicio al hotel por cena por un costo de $ 7.50 por comida (2 personas min). Ser\u00eda el especial del d\u00eda de uno de las fondas (restaurantes chiquitos) locales (incluye una bebida).<br \/>\nLa cena se sirve de entre 5:45-6:15 en el patio de la habitaci\u00f3n. Esto es muy popular en la noche de su llegada, o despu\u00e9s de un d\u00eda de caminata.\u00a0 Si Uds. no estan en la habitacion a las 5:30 cuando empecemos arreglar su mesa, dejaremos la comida en un cooler en su cuarto (en vez de dejarlo afuera con los pajaros y insectos).\u00a0 H\u00e1ganos saber a la hora del desayuno si desea que nosotros le pidamos\u00a0 la cena.<\/p>\n<h2>Descuento de Jubilados<\/h2>\n<p><strong>\u00bfOfrecen un descuento a jubilados?<\/strong><\/p>\n<p>Claro que si! Nosotros ofrecemos 50% descuento de nuestros precios normales de habitaciones (L-J) y 30% descuento (V-Do).\u00a0 Tenga en cuenta que no combinamos estas descuentos con ningun otro.\u00a0 Por ejemplo, si hace reservaciones con nuestras promociones enlinea, no ofrecemos un descuento de jubilacion adicional arriba de estos precios, son tomados del precios normales.\u00a0 Tiene que decidir cual prefiere.<\/p>\n<p>Nuestra sistema de reservaciones enlinea esta programada para dar la promocion enlinea.\u00a0 Si quiere elegir el descuento de jubilados, favor de enviarnos un correo a info@coffeemountaininn.com.<\/p>\n<p>Necesitaremos 50% deposito por nuestra cuenta bancaria para hacer su reservacion o pago por PayPal.<\/p>\n<h2>\u00a0La Propiedad<\/h2>\n<p>Caf\u00e9 Mountain Inn se encuentra ubicado en un \u00e1rea de 2\/3 acres, con una peque\u00f1a quebrada en la parte trasera del terreno. Vivimos en la propiedad y tenemos una peque\u00f1a plantaci\u00f3n de caf\u00e9 en la parte trasera del lote, al lado de la quebrada, as\u00ed como tambi\u00e9n \u00e1rboles frutales. Lo m\u00e1s notable son nuestras plantas enredaderas de maracuy\u00e1 en la parte delantera del edificio y un mango en la parte posterior.<\/p>\n<p><strong>\u00bfPuedo agarrar alguna fruta?<\/strong><br \/>\nSi\u00e9ntase libre de recoger mangos o frutas de maracuy\u00e1s durante su estad\u00eda con nosotros!<\/p>\n<p><strong>No quiero ir a un lugar donde no deber\u00eda estar, donde puedo ir?<\/strong><br \/>\nPr\u00e1cticamente a cualquier lado. Secamos nuestras sabanas y mantas (aproveche el sol de Panam\u00e1!) directamente detr\u00e1s del hotel y pedimos a los hu\u00e9spedes evitar estar en esa \u00e1rea debido a los tendederos, pero tambi\u00e9n tenemos un senderito que va hacia la quebrada, una hamaca y una barbacoa en la parte trasera. La hamaca y barbacoa son para uso de los hu\u00e9spedes. Siempre si\u00e9ntase libre de usar la hamaca, barbacoa, o bajar a la quebrada.<\/p>\n<h3>\u00a0El Rancho<a href=\"http:\/\/coffeemountaininn.com\/wp-content\/uploads\/2012\/11\/rancho_outdoor.png\"><img loading=\"lazy\" decoding=\"async\" class=\"alignright size-medium wp-image-865\" src=\"http:\/\/coffeemountaininn.com\/wp-content\/uploads\/2012\/11\/rancho_outdoor-300x225.png\" alt=\"Outdoor Social Area with Hammock and Plants\" width=\"300\" height=\"225\" srcset=\"https:\/\/coffeemountaininn.com\/wp-content\/uploads\/2012\/11\/rancho_outdoor-300x225.png 300w, https:\/\/coffeemountaininn.com\/wp-content\/uploads\/2012\/11\/rancho_outdoor-1024x768.png 1024w, https:\/\/coffeemountaininn.com\/wp-content\/uploads\/2012\/11\/rancho_outdoor.png 1200w\" sizes=\"auto, (max-width: 300px) 100vw, 300px\" \/><\/a><\/h3>\n<p>Un rancho es un lugar abierto y aire libre donde usted puede relajarse y disfrutar de vistas espectaculares del Parque Nacional Santa Fe y sus alrededores. Es peque\u00f1o y est\u00e1 ubicado al frente del edificio.<br \/>\n<strong>\u00bfPuedo usarlo?<\/strong><br \/>\nPor supuesto. Si te est\u00e1s quedando con un grupo, es el lugar indicado para pasarla. Est\u00e1 lo suficientemente lejos del edificio principal por lo que las conversaciones no perturbaran a otros hu\u00e9spedes, si\u00e9ntase libre de pedir sillas adicionales.<br \/>\nA menudo amarramos las hamacas por efecto del viento que a veces es muy fuerte. Si sales y las encuentras atadas a los horcones, no dudes en des-amarrarlas.<\/p>\n<p>&nbsp;<\/p>\n<h3>A qu\u00e9 hora cerramos el port\u00f3n?<\/h3>\n<p>Cerramos la puerta de entrada de 7-8pm, pero permanece sin candado. La cerramos debido a que caballos y vacas tienden a entrar y comer las plantas. Si planea salir en la noche, no hay problema, solo \u00e1bralo y ci\u00e9rrelo al regresar.<\/p>\n<p>&nbsp;<\/p>\n<h2>Acceso al Internet<\/h2>\n<p><strong>\u00bfD\u00f3nde puedo acceder a Wi-Fi?<\/strong><br \/>\nWi-Fi est\u00e1 disponible en las zonas p\u00fablicas: en el \u00e1rea de recepci\u00f3n, el balc\u00f3n y el rancho. Debido a la distancia y obst\u00e1culos (pared), la recepci\u00f3n no es buena en las habitaciones.<\/p>\n<p><strong>Realmente, Wi-Fi?<\/strong><br \/>\nSi. Pero nuestro router utiliza una conexi\u00f3n 3G o tel\u00e9fono celular. Hay un par de cosas que usted debe saber acerca de esto: la velocidad tiende a ser m\u00e1s lenta, si la se\u00f1al se cae o se va la luz, la recepci\u00f3n baja.<\/p>\n<h2>Posibles inconvenientes en Julio<\/h2>\n<p>La electricidad se va com\u00fanmente debido a fuertes aguaceros (recuerde que estamos en las montanas-selva tropical) y trabajos de mantenimiento. Generalmente toma de pocos minutos a un par de horas. Usted posiblemente tambi\u00e9n se encontrara con insectos alrededor del hotel. Al igual que con cosas buenas, \u201cah\u00ed va un tuc\u00e1n\u201d, tambi\u00e9n tenemos las malas: escorpiones, mosquitos, insectos etc. Durante las \u00faltimas dos semanas, hemos tenido muchos insectos en la noche debido a la temporada de invierno, como hormigas, comejenes voladores etc. Si est\u00e1s fuera en la noche y los insectos son un problema, aconsejamos apagar las luches.[\/vc_column_text][\/vc_column][\/vc_row]<\/p>\n<\/div>","protected":false},"excerpt":{"rendered":"<p>[vc_row][vc_column][rev_slider_vc alias=\u00bbes_about\u00bb][\/vc_column][\/vc_row][vc_row][vc_column][vc_column_text] Informaci\u00f3n del Hotel Somos un peque\u00f1o negocio familiar, con un hermoso paisaje en un pa\u00eds tropical (Panam\u00e1). Hemos encontrado que hay algunos inconvenientes en<span class=\"excerpt-hellip\"> [\u2026]<\/span><\/p>\n","protected":false},"author":33,"featured_media":0,"parent":0,"menu_order":0,"comment_status":"closed","ping_status":"open","template":"","meta":{"footnotes":""},"class_list":["post-2093","page","type-page","status-publish","hentry"],"_links":{"self":[{"href":"https:\/\/coffeemountaininn.com\/es\/wp-json\/wp\/v2\/pages\/2093","targetHints":{"allow":["GET"]}}],"collection":[{"href":"https:\/\/coffeemountaininn.com\/es\/wp-json\/wp\/v2\/pages"}],"about":[{"href":"https:\/\/coffeemountaininn.com\/es\/wp-json\/wp\/v2\/types\/page"}],"author":[{"embeddable":true,"href":"https:\/\/coffeemountaininn.com\/es\/wp-json\/wp\/v2\/users\/33"}],"replies":[{"embeddable":true,"href":"https:\/\/coffeemountaininn.com\/es\/wp-json\/wp\/v2\/comments?post=2093"}],"version-history":[{"count":0,"href":"https:\/\/coffeemountaininn.com\/es\/wp-json\/wp\/v2\/pages\/2093\/revisions"}],"wp:attachment":[{"href":"https:\/\/coffeemountaininn.com\/es\/wp-json\/wp\/v2\/media?parent=2093"}],"curies":[{"name":"wp","href":"https:\/\/api.w.org\/{rel}","templated":true}]}}