{"id":1629,"date":"2012-04-25T04:04:54","date_gmt":"2013-01-21T03:30:09","guid":{"rendered":"http:\/\/coffeemountaininn.com\/?page_id=1629"},"modified":"2019-07-31T15:59:58","modified_gmt":"2019-07-31T22:59:58","slug":"pueblo-montanoso-de-santa-fe-veraguas","status":"publish","type":"page","link":"https:\/\/coffeemountaininn.com\/es\/pueblo-montanoso-de-santa-fe-veraguas\/","title":{"rendered":"Pueblo monta\u00f1oso de Santa Fe, Veraguas"},"content":{"rendered":"<div class=\"wpb-content-wrapper\"><p>[vc_row][vc_column][rev_slider_vc alias=\u00bbarea\u00bb][\/vc_column][\/vc_row][vc_row][vc_column][vc_column_text]<a href=\"http:\/\/coffeemountaininn.com\/wp-content\/uploads\/2012\/04\/stafe-198.jpg\"><img loading=\"lazy\" decoding=\"async\" class=\"alignright wp-image-170 shady\" style=\"margin: 4px;\" title=\"Santa Fe Road, Veraguas, Panama\" alt=\"Santa Fe, Calle al Pantano\" src=\"http:\/\/coffeemountaininn.com\/wp-content\/uploads\/2012\/04\/stafe-198-300x225.jpg\" width=\"248\" height=\"186\" \/><\/a><br \/>\n<b>El pueblo de Santa Fe<\/b> (pob. 2.800) es un peque\u00f1o pueblo, conocido por su clima fresco, orqu\u00eddeas y caf\u00e9. Fundado en los a\u00f1os 1500s, es uno de los lugares m\u00e1s antiguos de Panam\u00e1, es tambi\u00e9n un centro regional de transporte y venta de cultivos para los grupos ind\u00edgenas que viven en las \u00e1reas aleda\u00f1as principalmente en las monta\u00f1as. El f\u00e1cil acceso a los bosques y los r\u00edos le brindan al viajero oportunidades de recreaci\u00f3n al aire libre.<\/p>\n<p>El lugar es muy acogedor, tranquilo y relajante para aquellos que desean disfrutar de unas vacaciones lejos de la ciudad.<\/p>\n<p><b>Santa Fe y sus alrededores<\/b>:<\/p>\n<ul>\n<li>Casa de Artesan\u00eda: Situada v\u00eda El Pantano, le ofrece productos artesanales hechos a mano por gente del lugar y a precios razonables.<\/li>\n<li>Mercado: Situado cerca del centro del pueblo donde usted puede comprar frutas y verduras del area.<\/li>\n<li>\u00a0Plaza del pueblo: Los domingos generalmente las personas de pueblos cercanos se re\u00fanen en el centro de Santa Fe. Muy buena gente.<\/li>\n<li>Iglesia de Santa Fe: La Iglesia de Santa Fe, ubicada en el centro del pueblo.<\/li>\n<li>Casa de las Orqu\u00eddeas: Situada V\u00eda El Pantano al. Casa privada, con sus due\u00f1os que le mostraran su colecci\u00f3n de m\u00e1s de 100 tipos de orqu\u00eddeas.<\/li>\n<li>Planta procesadora de Caf\u00e9, Cerro Tute: Procesamiento y empaque del caf\u00e9.<\/li>\n<\/ul>\n<p><a href=\"http:\/\/coffeemountaininn.com\/wp-content\/uploads\/2012\/04\/Places2.png\"><img loading=\"lazy\" decoding=\"async\" class=\"size-medium wp-image-172 aligncenter shady\" title=\"Santa Fe Map\" alt=\"Map of Santa Fe, Veraguas, Panama\" src=\"http:\/\/coffeemountaininn.com\/wp-content\/uploads\/2012\/04\/Places2-300x252.png\" width=\"300\" height=\"252\" srcset=\"https:\/\/coffeemountaininn.com\/wp-content\/uploads\/2012\/04\/Places2-300x252.png 300w, https:\/\/coffeemountaininn.com\/wp-content\/uploads\/2012\/04\/Places2-125x105.png 125w, https:\/\/coffeemountaininn.com\/wp-content\/uploads\/2012\/04\/Places2.png 500w\" sizes=\"auto, (max-width: 300px) 100vw, 300px\" \/><\/a>[\/vc_column_text][\/vc_column][\/vc_row]<\/p>\n<\/div>","protected":false},"excerpt":{"rendered":"<p>[vc_row][vc_column][rev_slider_vc alias=\u00bbarea\u00bb][\/vc_column][\/vc_row][vc_row][vc_column][vc_column_text] El pueblo de Santa Fe (pob. 2.800) es un peque\u00f1o pueblo, conocido por su clima fresco, orqu\u00eddeas y caf\u00e9. Fundado en los a\u00f1os 1500s,<span class=\"excerpt-hellip\"> [\u2026]<\/span><\/p>\n","protected":false},"author":33,"featured_media":0,"parent":0,"menu_order":0,"comment_status":"open","ping_status":"open","template":"","meta":{"footnotes":""},"class_list":["post-1629","page","type-page","status-publish","hentry"],"_links":{"self":[{"href":"https:\/\/coffeemountaininn.com\/es\/wp-json\/wp\/v2\/pages\/1629","targetHints":{"allow":["GET"]}}],"collection":[{"href":"https:\/\/coffeemountaininn.com\/es\/wp-json\/wp\/v2\/pages"}],"about":[{"href":"https:\/\/coffeemountaininn.com\/es\/wp-json\/wp\/v2\/types\/page"}],"author":[{"embeddable":true,"href":"https:\/\/coffeemountaininn.com\/es\/wp-json\/wp\/v2\/users\/33"}],"replies":[{"embeddable":true,"href":"https:\/\/coffeemountaininn.com\/es\/wp-json\/wp\/v2\/comments?post=1629"}],"version-history":[{"count":0,"href":"https:\/\/coffeemountaininn.com\/es\/wp-json\/wp\/v2\/pages\/1629\/revisions"}],"wp:attachment":[{"href":"https:\/\/coffeemountaininn.com\/es\/wp-json\/wp\/v2\/media?parent=1629"}],"curies":[{"name":"wp","href":"https:\/\/api.w.org\/{rel}","templated":true}]}}