{"id":1569,"date":"2012-04-21T01:56:03","date_gmt":"2012-04-21T01:56:03","guid":{"rendered":"http:\/\/coffeemountaininn.com\/?page_id=1569"},"modified":"2018-08-23T06:38:31","modified_gmt":"2018-08-23T13:38:31","slug":"about-us","status":"publish","type":"page","link":"https:\/\/coffeemountaininn.com\/es\/about-us\/","title":{"rendered":"About Us"},"content":{"rendered":"<div class=\"wpb-content-wrapper\"><p>[vc_row][vc_column][rev_slider_vc alias=\u00bbes_about\u00bb][\/vc_column][\/vc_row][vc_row][vc_column][vc_column_text]<a href=\"http:\/\/coffeemountaininn.com\/wp-content\/uploads\/2012\/04\/rainier-0691-225x300.jpg\"><img loading=\"lazy\" decoding=\"async\" class=\" wp-image-122 alignright plain\" title=\"rainier-0691-225x300\" src=\"http:\/\/coffeemountaininn.com\/wp-content\/uploads\/2012\/04\/rainier-0691-225x300.jpg\" alt=\"\" width=\"168\" height=\"224\" srcset=\"https:\/\/coffeemountaininn.com\/wp-content\/uploads\/2012\/04\/rainier-0691-225x300.jpg 225w, https:\/\/coffeemountaininn.com\/wp-content\/uploads\/2012\/04\/rainier-0691-225x300-78x105.jpg 78w\" sizes=\"auto, (max-width: 168px) 100vw, 168px\" \/><\/a><\/p>\n<p>Somos una\u00a0familia de Panam\u00e1 y los EEUU. Mi esposo, Celestino (Cele), creci\u00f3 trabajando en con su familia en un peque\u00f1o pueblo en el sur de Veraguas antes de ir al Colegio Jesus Nazareno en Atalaya. Yo soy de California, y nos conocimos mientras que trabaje en Panama.\u00a0 Nuestro hijo, Rafael, tiene tres anos.<\/p>\n<p>Nosotros, hemos pasado una d\u00e9cada en los Estados Unidos, donde trabaje en un centro de visitantes del Servicio Forestal de los EE.UU. antes de regresar a mis estudios de posgrado.\u00a0 Trabaje\u00a0 como un ecologista mientras Cele ha acabado su programa de certificaci\u00f3n.Por cuestiones de familia, empezamos a jugar con las ideas que nos permitan flexibilidad m\u00e1s con los viajes, la familia y nuestros propios intereses.<\/p>\n<p>Hemos desarrollado la idea de Coffee Mountain Inn, un hotel rural con tours que se centran en lo que mejor sabemos hacer, Veraguas como los veraguenses lo saben, los bosques, como los ecologistas lo entiendo, y la agricultura como los agricultores que practican. Tenemos peque\u00f1as parcelas de caf\u00e9, pero va a ser otro par de a\u00f1os antes de su vencimiento. Abrimos en 2012.<\/p>\n<p>Puedes leer m\u00e1s acerca de nuestras aventuras con una nota en mi <a href=\"http:\/\/life.coffeemountaininn.com\">blog personal sobre Santa Fe, Panam\u00e1<\/a>.<\/p>\n<p><strong>\u00a0<\/strong>[\/vc_column_text][\/vc_column][\/vc_row]<\/p>\n<\/div>","protected":false},"excerpt":{"rendered":"<p>[vc_row][vc_column][rev_slider_vc alias=\u00bbes_about\u00bb][\/vc_column][\/vc_row][vc_row][vc_column][vc_column_text] Somos una\u00a0familia de Panam\u00e1 y los EEUU. Mi esposo, Celestino (Cele), creci\u00f3 trabajando en con su familia en un peque\u00f1o pueblo en el sur<span class=\"excerpt-hellip\"> [\u2026]<\/span><\/p>\n","protected":false},"author":33,"featured_media":0,"parent":0,"menu_order":0,"comment_status":"open","ping_status":"open","template":"","meta":{"footnotes":""},"class_list":["post-1569","page","type-page","status-publish","hentry"],"_links":{"self":[{"href":"https:\/\/coffeemountaininn.com\/es\/wp-json\/wp\/v2\/pages\/1569","targetHints":{"allow":["GET"]}}],"collection":[{"href":"https:\/\/coffeemountaininn.com\/es\/wp-json\/wp\/v2\/pages"}],"about":[{"href":"https:\/\/coffeemountaininn.com\/es\/wp-json\/wp\/v2\/types\/page"}],"author":[{"embeddable":true,"href":"https:\/\/coffeemountaininn.com\/es\/wp-json\/wp\/v2\/users\/33"}],"replies":[{"embeddable":true,"href":"https:\/\/coffeemountaininn.com\/es\/wp-json\/wp\/v2\/comments?post=1569"}],"version-history":[{"count":0,"href":"https:\/\/coffeemountaininn.com\/es\/wp-json\/wp\/v2\/pages\/1569\/revisions"}],"wp:attachment":[{"href":"https:\/\/coffeemountaininn.com\/es\/wp-json\/wp\/v2\/media?parent=1569"}],"curies":[{"name":"wp","href":"https:\/\/api.w.org\/{rel}","templated":true}]}}