{"id":1543,"date":"2012-04-22T01:55:19","date_gmt":"2012-04-22T08:55:19","guid":{"rendered":"http:\/\/coffeemountaininn.com\/?page_id=1543"},"modified":"2023-07-15T14:24:11","modified_gmt":"2023-07-15T21:24:11","slug":"innwelc-2","status":"publish","type":"page","link":"https:\/\/coffeemountaininn.com\/es\/","title":{"rendered":"Bienvenidos a Coffee Mountain Inn Hotel y Tours"},"content":{"rendered":"<div class=\"wpb-content-wrapper\"><p>[vc_row][vc_column][rev_slider_vc alias=\u00bbes_frontpage\u00bb][\/vc_column][\/vc_row][vc_row][vc_column][vc_custom_heading text=\u00bbBienvenidos a Coffee Mountain Inn and Tours!\u00bb][vc_column_text]<img loading=\"lazy\" decoding=\"async\" class=\"shady alignright wp-image-2160 size-medium\" src=\"http:\/\/coffeemountaininn.com\/devm\/wp-content\/uploads\/2013\/07\/IMG_1392-300x225.jpg\" width=\"300\" height=\"225\" srcset=\"https:\/\/coffeemountaininn.com\/wp-content\/uploads\/2013\/07\/IMG_1392-300x225.jpg 300w, https:\/\/coffeemountaininn.com\/wp-content\/uploads\/2013\/07\/IMG_1392-1024x768.jpg 1024w, https:\/\/coffeemountaininn.com\/wp-content\/uploads\/2013\/07\/IMG_1392.jpg 1600w\" sizes=\"auto, (max-width: 300px) 100vw, 300px\" \/><\/p>\n<p>Nosostros somos un hotelito pequeno y premiado. Somos conocidos por nuestra servicio al clientes, nuestras vistas, desayuno excelente y las actividades que ofrecemos. Estamos ubicado en las tierras monta\u00f1osas del distrito de Santa Fe en la provincia de Veraguas, Republica de Panam\u00e1. Tenemos vistas espectaculares de las monta\u00f1as del parque nacional Santa Fe. Nuestro principal enfoque es el eco-turismo sostenible, ofreciendo actividades tur\u00edsticas que le permitan al viajero explorar y disfrutar del \u00e1rea, y adem\u00e1s lujo y comodidad al\u00a0<a href=\"https:\/\/coffeemountaininn.com\/es\/habitaciones\/\">hospedarse<\/a>.<\/p>\n<p><strong>El Parque Nacional Santa Fe<\/strong>\u00a0rodea Santa Fe desde tres diferentes lados, formando as\u00ed parte del Corredor Biol\u00f3gico Meso-Americano. En el \u00e1rea existen m\u00e1s de 20 cascadas a menos de 7 kms de distancia, y varias clases de aves tales como loros y tucanes que vuelan a menudo sobre el \u00e1rea.<\/p>\n<p>En las monta\u00f1as de alrededor, peque\u00f1as familias se dedican al cultivo de caf\u00e9, participando asi de la cooperativa local que se dedica al proceso y venta del mismo.<\/p>\n<p>Somos un peque\u00f1o hostel familiar con actividades turisticas. Las mismas incluyen:<\/p>\n<ul>\n<li>Caminatas por las monta\u00f1as<\/li>\n<li>Alquiler de caballos<\/li>\n<li>Paseo en tubos,\u00a0 Rio Santa Maria<\/li>\n<li>Paseos a las granjas de caf\u00e9<\/li>\n<\/ul>\n<p>[\/vc_column_text][\/vc_column][\/vc_row]<\/p>\n<\/div>","protected":false},"excerpt":{"rendered":"<p>[vc_row][vc_column][rev_slider_vc alias=\u00bbes_frontpage\u00bb][\/vc_column][\/vc_row][vc_row][vc_column][vc_custom_heading text=\u00bbBienvenidos a Coffee Mountain Inn and Tours!\u00bb][vc_column_text] Nosostros somos un hotelito pequeno y premiado. Somos conocidos por nuestra servicio al clientes, nuestras vistas, desayuno<span class=\"excerpt-hellip\"> [\u2026]<\/span><\/p>\n","protected":false},"author":33,"featured_media":0,"parent":0,"menu_order":0,"comment_status":"open","ping_status":"open","template":"","meta":{"footnotes":""},"class_list":["post-1543","page","type-page","status-publish","hentry"],"_links":{"self":[{"href":"https:\/\/coffeemountaininn.com\/es\/wp-json\/wp\/v2\/pages\/1543","targetHints":{"allow":["GET"]}}],"collection":[{"href":"https:\/\/coffeemountaininn.com\/es\/wp-json\/wp\/v2\/pages"}],"about":[{"href":"https:\/\/coffeemountaininn.com\/es\/wp-json\/wp\/v2\/types\/page"}],"author":[{"embeddable":true,"href":"https:\/\/coffeemountaininn.com\/es\/wp-json\/wp\/v2\/users\/33"}],"replies":[{"embeddable":true,"href":"https:\/\/coffeemountaininn.com\/es\/wp-json\/wp\/v2\/comments?post=1543"}],"version-history":[{"count":17,"href":"https:\/\/coffeemountaininn.com\/es\/wp-json\/wp\/v2\/pages\/1543\/revisions"}],"predecessor-version":[{"id":280415,"href":"https:\/\/coffeemountaininn.com\/es\/wp-json\/wp\/v2\/pages\/1543\/revisions\/280415"}],"wp:attachment":[{"href":"https:\/\/coffeemountaininn.com\/es\/wp-json\/wp\/v2\/media?parent=1543"}],"curies":[{"name":"wp","href":"https:\/\/api.w.org\/{rel}","templated":true}]}}