{"id":153933,"date":"2014-03-03T10:45:56","date_gmt":"2017-02-15T14:38:37","guid":{"rendered":"http:\/\/coffeemountaininn.com\/?page_id=153933"},"modified":"2019-07-31T16:16:32","modified_gmt":"2019-07-31T23:16:32","slug":"terminos-y-condiciones-2","status":"publish","type":"page","link":"https:\/\/coffeemountaininn.com\/es\/what-to-do\/terminos-y-condiciones-2\/","title":{"rendered":"Terminos y Condiciones"},"content":{"rendered":"<div class=\"wpb-content-wrapper\"><p>[vc_row][vc_column][rev_slider_vc alias=\u00bbes_about\u00bb][\/vc_column][\/vc_row][vc_row][vc_column][vc_empty_space height=\u00bb160px\u00bb][vc_column_text]<\/p>\n<p align=\"center\"><b>Actividades Terminos y Condiciones<br \/>\n<\/b><\/p>\n<ol>\n<li><b>La lluvia no cancela<\/b>.\u00a0 <span lang=\"es\">Estamos ubicados en un bosque lluvioso. Llueve a menudo. Una vez que haga una reserva, la lluvia u otros tipos de clima inclemente (como el sol) no se cancelan. Por supuesto, hay excepciones. Podemos tratar de salir un poco m\u00e1s tarde (como las tormentas de lluvia a menudo duran menos de 30 minutos), pero tenemos problemas particulares con alquiler de caballos o con el tiempo del gu\u00eda.<\/span><\/li>\n<li><b>Se cobra un deposito y\/o una cobra de cancelacion. <\/b><span lang=\"es\">Su tarjeta de cr\u00e9dito o dep\u00f3sito en efectivo es necesario para todos los alquileres y actividades, y para aquellos que no se alojen con nosotros, un 50% de pre-pago es necesario. Para aquellos que se quedan con nosotros, un 50% de cancelaci\u00f3n se aplicar\u00e1 para todas las excursiones de d\u00eda excepto paseos a caballo. Para la cabalgata, la tasa de cancelaci\u00f3n es del 100% si no se notifica y se confirma antes del 5:00PM la noche anterior. <\/span><\/li>\n<li><b>Su seguridad es importante.<\/b> <span lang=\"es\">Si hay un problema de seguridad que las gu\u00edas determinan que la ruta no es segura (como la alta agua del r\u00edo para innertubing) , cancelaremos el viaje \/ alquiler y, emitir un reembolso<\/span><\/li>\n<li><b>\u00a0El rol de los guias. <\/b>El rol de<b> <\/b><span lang=\"es\">nuestras gu\u00edas del rio y de los caballos es ayudar con su seguridad, las rutas, y el equipo \/ caballos y le permiten m\u00e1s libertad al explorar la zona. Si usted decide ir a una aventura sin gu\u00eda, usted es responsable de hacer llamadas y decisiones, y para el equipo en s\u00ed (innertube o horse &amp; tack). A trav\u00e9s de los a\u00f1os, hemos descubierto que las personas que van con gu\u00edas tienden a quedarse m\u00e1s tiempo y disfrutar m\u00e1s que los que no lo hacen<\/span>.<\/li>\n<li><b>Disclaimer. <\/b>Ir <span lang=\"es\">en tours o alquilar equipo es intr\u00ednsecamente peligroso. Aunque hasta la fecha, no hemos tenido lesiones graves en nuestros tours, hay riesgo inherente de ir alrededor en un bosque tropical. La gente ha muerto por caerse de caballos y otros han roto brazos y piernas, los visitantes han perdido su vida en repentinos aumentos del nivel del agua del r\u00edo. En nuestras excursiones, hemos tenido gente resbalar en senderos, deslizamiento en las rocas. Intentamos lo que podemos para minimizar estos riesgos y peligros. Cuando usted va en nuestros tours \/ alquileres, usted acepta la responsabilidad de estos riesgos.<\/span><\/li>\n<\/ol>\n<p>&nbsp;[\/vc_column_text][\/vc_column][\/vc_row]<\/p>\n<\/div>","protected":false},"excerpt":{"rendered":"<p>[vc_row][vc_column][rev_slider_vc alias=\u00bbes_about\u00bb][\/vc_column][\/vc_row][vc_row][vc_column][vc_empty_space height=\u00bb160px\u00bb][vc_column_text] Actividades Terminos y Condiciones La lluvia no cancela.\u00a0 Estamos ubicados en un bosque lluvioso. Llueve a menudo. Una vez que haga una reserva,<span class=\"excerpt-hellip\"> [\u2026]<\/span><\/p>\n","protected":false},"author":33,"featured_media":0,"parent":171034,"menu_order":0,"comment_status":"open","ping_status":"closed","template":"","meta":{"footnotes":""},"class_list":["post-153933","page","type-page","status-publish","hentry"],"_links":{"self":[{"href":"https:\/\/coffeemountaininn.com\/es\/wp-json\/wp\/v2\/pages\/153933","targetHints":{"allow":["GET"]}}],"collection":[{"href":"https:\/\/coffeemountaininn.com\/es\/wp-json\/wp\/v2\/pages"}],"about":[{"href":"https:\/\/coffeemountaininn.com\/es\/wp-json\/wp\/v2\/types\/page"}],"author":[{"embeddable":true,"href":"https:\/\/coffeemountaininn.com\/es\/wp-json\/wp\/v2\/users\/33"}],"replies":[{"embeddable":true,"href":"https:\/\/coffeemountaininn.com\/es\/wp-json\/wp\/v2\/comments?post=153933"}],"version-history":[{"count":0,"href":"https:\/\/coffeemountaininn.com\/es\/wp-json\/wp\/v2\/pages\/153933\/revisions"}],"up":[{"embeddable":true,"href":"https:\/\/coffeemountaininn.com\/es\/wp-json\/wp\/v2\/pages\/171034"}],"wp:attachment":[{"href":"https:\/\/coffeemountaininn.com\/es\/wp-json\/wp\/v2\/media?parent=153933"}],"curies":[{"name":"wp","href":"https:\/\/api.w.org\/{rel}","templated":true}]}}